{"id":864,"date":"2020-11-30T11:06:14","date_gmt":"2020-11-30T11:06:14","guid":{"rendered":"http:\/\/gemsi-rohrbach.saarland\/?page_id=864"},"modified":"2020-11-30T11:06:52","modified_gmt":"2020-11-30T11:06:52","slug":"steak-sandwich","status":"publish","type":"page","link":"http:\/\/gemsi-rohrbach.saarland\/?page_id=864","title":{"rendered":"Steak Sandwich"},"content":{"rendered":"<p>Hier findet ihr das zugeh\u00f6rige Rezept: <a href=\"http:\/\/gemsi-rohrbach.saarland\/wp-content\/uploads\/2020\/11\/Steaksandwich.docx\">Steaksandwich<\/a><\/p>\n<p>Und nat\u00fcrlich wie immer der dazugeh\u00f6rige Link zum Youtube-Video: https:\/\/www.youtube.com\/watch?v=NcTby6ul9b8<\/p>\n<p>Viel Spa\u00df beim Kochen! \ud83d\ude42<\/p>\n","protected":false},"excerpt":{"rendered":"<p>Hier findet ihr das zugeh\u00f6rige Rezept: Steaksandwich Und nat\u00fcrlich wie immer der dazugeh\u00f6rige Link zum Youtube-Video: https:\/\/www.youtube.com\/watch?v=NcTby6ul9b8 Viel Spa\u00df beim Kochen! \ud83d\ude42<\/p>\n","protected":false},"author":1,"featured_media":0,"parent":729,"menu_order":0,"comment_status":"closed","ping_status":"closed","template":"","meta":{"footnotes":""},"class_list":["post-864","page","type-page","status-publish","hentry"],"_links":{"self":[{"href":"http:\/\/gemsi-rohrbach.saarland\/index.php?rest_route=\/wp\/v2\/pages\/864","targetHints":{"allow":["GET"]}}],"collection":[{"href":"http:\/\/gemsi-rohrbach.saarland\/index.php?rest_route=\/wp\/v2\/pages"}],"about":[{"href":"http:\/\/gemsi-rohrbach.saarland\/index.php?rest_route=\/wp\/v2\/types\/page"}],"author":[{"embeddable":true,"href":"http:\/\/gemsi-rohrbach.saarland\/index.php?rest_route=\/wp\/v2\/users\/1"}],"replies":[{"embeddable":true,"href":"http:\/\/gemsi-rohrbach.saarland\/index.php?rest_route=%2Fwp%2Fv2%2Fcomments&post=864"}],"version-history":[{"count":1,"href":"http:\/\/gemsi-rohrbach.saarland\/index.php?rest_route=\/wp\/v2\/pages\/864\/revisions"}],"predecessor-version":[{"id":867,"href":"http:\/\/gemsi-rohrbach.saarland\/index.php?rest_route=\/wp\/v2\/pages\/864\/revisions\/867"}],"up":[{"embeddable":true,"href":"http:\/\/gemsi-rohrbach.saarland\/index.php?rest_route=\/wp\/v2\/pages\/729"}],"wp:attachment":[{"href":"http:\/\/gemsi-rohrbach.saarland\/index.php?rest_route=%2Fwp%2Fv2%2Fmedia&parent=864"}],"curies":[{"name":"wp","href":"https:\/\/api.w.org\/{rel}","templated":true}]}}