{"id":808,"date":"2020-11-15T16:33:01","date_gmt":"2020-11-15T16:33:01","guid":{"rendered":"http:\/\/gemsi-rohrbach.saarland\/?page_id=808"},"modified":"2025-11-12T11:14:30","modified_gmt":"2025-11-12T11:14:30","slug":"projekt-schulsanitaeter","status":"publish","type":"page","link":"http:\/\/gemsi-rohrbach.saarland\/?page_id=808","title":{"rendered":"Projekt Schulsanit\u00e4ter"},"content":{"rendered":"<div>Das Projekt &#8222;Schulsanit\u00e4ter&#8220; richtet sich an Sch\u00fclerinnen und Sch\u00fcler ab Klassenstufe 7.<br \/>\nIm Rahmen von &#8222;Sch\u00fcler helfen Sch\u00fcler&#8220; versorgen sie kleinere Gebrechen selbst und nehmen bei gr\u00f6\u00dferen Verletzungen eine Erstversorgung bis zum Eintreffen des Rettungsdienstes vor. Sie nehmen im Bedarfsfall den Rettungsdienst in Empfang und geleiten ihn zum Einsatzort.<\/p>\n<div>In den Pausen besetzen sie nach einem festen Dienstplan den Sanit\u00e4tsraum und werden bei Bedarf auch w\u00e4hrend der Unterrichtszeit gerufen.<br \/>\nBevor die Sch\u00fclerinnen und Sch\u00fcler mit ihrem Dienst in unserer Schule starten erhalten sie eine eine Erste-Hilfe-Ausbildung durch das Deutsche Rote Kreuz. Ansonsten absolvieren im Rahmen der Projektstunden w\u00f6chentlich eine zweist\u00fcndige \u00dcbungsphase und kontrollieren regelm\u00e4\u00dfig das vorhandene Material auf Vollst\u00e4ndigkeit und Haltbarkeit.<\/div>\n<\/div>\n<div><a href=\"http:\/\/gemsi-rohrbach.saarland\/?attachment_id=1326\" rel=\"attachment wp-att-1326\"><img loading=\"lazy\" decoding=\"async\" class=\"alignnone size-medium wp-image-1326\" src=\"http:\/\/gemsi-rohrbach.saarland\/wp-content\/uploads\/2025\/11\/IMG_1326-225x300.jpg\" alt=\"\" width=\"225\" height=\"300\" srcset=\"http:\/\/gemsi-rohrbach.saarland\/wp-content\/uploads\/2025\/11\/IMG_1326-225x300.jpg 225w, http:\/\/gemsi-rohrbach.saarland\/wp-content\/uploads\/2025\/11\/IMG_1326-768x1024.jpg 768w, http:\/\/gemsi-rohrbach.saarland\/wp-content\/uploads\/2025\/11\/IMG_1326-1152x1536.jpg 1152w, http:\/\/gemsi-rohrbach.saarland\/wp-content\/uploads\/2025\/11\/IMG_1326-1200x1600.jpg 1200w, http:\/\/gemsi-rohrbach.saarland\/wp-content\/uploads\/2025\/11\/IMG_1326-rotated.jpg 1512w\" sizes=\"auto, (max-width: 225px) 85vw, 225px\" \/><\/a><a href=\"http:\/\/gemsi-rohrbach.saarland\/?attachment_id=1327\" rel=\"attachment wp-att-1327\"><img loading=\"lazy\" decoding=\"async\" class=\"alignnone size-medium wp-image-1327\" src=\"http:\/\/gemsi-rohrbach.saarland\/wp-content\/uploads\/2025\/11\/IMG_4894-225x300.jpg\" alt=\"\" width=\"225\" height=\"300\" srcset=\"http:\/\/gemsi-rohrbach.saarland\/wp-content\/uploads\/2025\/11\/IMG_4894-225x300.jpg 225w, http:\/\/gemsi-rohrbach.saarland\/wp-content\/uploads\/2025\/11\/IMG_4894-768x1024.jpg 768w, http:\/\/gemsi-rohrbach.saarland\/wp-content\/uploads\/2025\/11\/IMG_4894-1152x1536.jpg 1152w, http:\/\/gemsi-rohrbach.saarland\/wp-content\/uploads\/2025\/11\/IMG_4894-1200x1600.jpg 1200w, http:\/\/gemsi-rohrbach.saarland\/wp-content\/uploads\/2025\/11\/IMG_4894-rotated.jpg 1512w\" sizes=\"auto, (max-width: 225px) 85vw, 225px\" \/><\/a> <a href=\"http:\/\/gemsi-rohrbach.saarland\/?attachment_id=1328\" rel=\"attachment wp-att-1328\"><img loading=\"lazy\" decoding=\"async\" class=\"alignnone size-medium wp-image-1328\" src=\"http:\/\/gemsi-rohrbach.saarland\/wp-content\/uploads\/2025\/11\/IMG_4909-225x300.jpg\" alt=\"\" width=\"225\" height=\"300\" srcset=\"http:\/\/gemsi-rohrbach.saarland\/wp-content\/uploads\/2025\/11\/IMG_4909-225x300.jpg 225w, http:\/\/gemsi-rohrbach.saarland\/wp-content\/uploads\/2025\/11\/IMG_4909-768x1024.jpg 768w, http:\/\/gemsi-rohrbach.saarland\/wp-content\/uploads\/2025\/11\/IMG_4909-1152x1536.jpg 1152w, http:\/\/gemsi-rohrbach.saarland\/wp-content\/uploads\/2025\/11\/IMG_4909-1200x1600.jpg 1200w, http:\/\/gemsi-rohrbach.saarland\/wp-content\/uploads\/2025\/11\/IMG_4909-rotated.jpg 1512w\" sizes=\"auto, (max-width: 225px) 85vw, 225px\" \/><\/a> <a href=\"http:\/\/gemsi-rohrbach.saarland\/?attachment_id=1329\" rel=\"attachment wp-att-1329\"><img loading=\"lazy\" decoding=\"async\" class=\"alignnone size-medium wp-image-1329\" src=\"http:\/\/gemsi-rohrbach.saarland\/wp-content\/uploads\/2025\/11\/IMG_4925-225x300.jpg\" alt=\"\" width=\"225\" height=\"300\" srcset=\"http:\/\/gemsi-rohrbach.saarland\/wp-content\/uploads\/2025\/11\/IMG_4925-225x300.jpg 225w, http:\/\/gemsi-rohrbach.saarland\/wp-content\/uploads\/2025\/11\/IMG_4925-768x1024.jpg 768w, http:\/\/gemsi-rohrbach.saarland\/wp-content\/uploads\/2025\/11\/IMG_4925-1152x1536.jpg 1152w, http:\/\/gemsi-rohrbach.saarland\/wp-content\/uploads\/2025\/11\/IMG_4925-1200x1600.jpg 1200w, http:\/\/gemsi-rohrbach.saarland\/wp-content\/uploads\/2025\/11\/IMG_4925-rotated.jpg 1512w\" sizes=\"auto, (max-width: 225px) 85vw, 225px\" \/><\/a><\/div>\n<div><\/div>\n<div><\/div>\n<div><\/div>\n<div><\/div>\n<div><\/div>\n","protected":false},"excerpt":{"rendered":"<p>Das Projekt &#8222;Schulsanit\u00e4ter&#8220; richtet sich an Sch\u00fclerinnen und Sch\u00fcler ab Klassenstufe 7. Im Rahmen von &#8222;Sch\u00fcler helfen Sch\u00fcler&#8220; versorgen sie kleinere Gebrechen selbst und nehmen bei gr\u00f6\u00dferen Verletzungen eine Erstversorgung bis zum Eintreffen des Rettungsdienstes vor. Sie nehmen im Bedarfsfall den Rettungsdienst in Empfang und geleiten ihn zum Einsatzort. In den Pausen besetzen sie nach &hellip; <a href=\"http:\/\/gemsi-rohrbach.saarland\/?page_id=808\" class=\"more-link\"><span class=\"screen-reader-text\">\u201eProjekt Schulsanit\u00e4ter\u201c<\/span> weiterlesen<\/a><\/p>\n","protected":false},"author":1,"featured_media":810,"parent":0,"menu_order":0,"comment_status":"closed","ping_status":"closed","template":"","meta":{"footnotes":""},"class_list":["post-808","page","type-page","status-publish","has-post-thumbnail","hentry"],"_links":{"self":[{"href":"http:\/\/gemsi-rohrbach.saarland\/index.php?rest_route=\/wp\/v2\/pages\/808","targetHints":{"allow":["GET"]}}],"collection":[{"href":"http:\/\/gemsi-rohrbach.saarland\/index.php?rest_route=\/wp\/v2\/pages"}],"about":[{"href":"http:\/\/gemsi-rohrbach.saarland\/index.php?rest_route=\/wp\/v2\/types\/page"}],"author":[{"embeddable":true,"href":"http:\/\/gemsi-rohrbach.saarland\/index.php?rest_route=\/wp\/v2\/users\/1"}],"replies":[{"embeddable":true,"href":"http:\/\/gemsi-rohrbach.saarland\/index.php?rest_route=%2Fwp%2Fv2%2Fcomments&post=808"}],"version-history":[{"count":2,"href":"http:\/\/gemsi-rohrbach.saarland\/index.php?rest_route=\/wp\/v2\/pages\/808\/revisions"}],"predecessor-version":[{"id":1330,"href":"http:\/\/gemsi-rohrbach.saarland\/index.php?rest_route=\/wp\/v2\/pages\/808\/revisions\/1330"}],"wp:featuredmedia":[{"embeddable":true,"href":"http:\/\/gemsi-rohrbach.saarland\/index.php?rest_route=\/wp\/v2\/media\/810"}],"wp:attachment":[{"href":"http:\/\/gemsi-rohrbach.saarland\/index.php?rest_route=%2Fwp%2Fv2%2Fmedia&parent=808"}],"curies":[{"name":"wp","href":"https:\/\/api.w.org\/{rel}","templated":true}]}}