{"id":64,"date":"2017-12-03T19:23:25","date_gmt":"2017-12-03T19:23:25","guid":{"rendered":"http:\/\/gemsi-rohrbach.saarland\/?page_id=64"},"modified":"2017-12-07T14:07:13","modified_gmt":"2017-12-07T14:07:13","slug":"projekt-pausenhelfer","status":"publish","type":"page","link":"http:\/\/gemsi-rohrbach.saarland\/?page_id=64","title":{"rendered":"Projekt Pausenhelfer"},"content":{"rendered":"<p><strong><u>Pausenhelfer<\/u><\/strong><\/p>\n<p>Jeden Donnerstag um 14:20 Uhr beginnt das Projekt \u201ePausenhelfer\u201c mit Frau M\u00fcller und Frau Degel-Lang. Das Projekt besch\u00e4ftigt sich damit, dass die Pause sch\u00f6ner gestaltet werden kann.<\/p>\n<p>Frau M\u00fcller und Frau Degel-Lang hatten die Idee, dieses Projekt zu machen, um zu verhindern, dass die Sch\u00fcler in den Pausen Langeweile haben. Die Pausenhelfer verleihen die Spielger\u00e4te in den Pausen. Sie machen viele Aktivit\u00e4ten wie z.B. Karaoke, Basketball Turniere usw&#8230; Wir haben die Sch\u00fcler gefragt wie sie das Projekt finden, die meisten sind begeistert davon.<\/p>\n<p><img loading=\"lazy\" decoding=\"async\" class=\"alignnone size-medium wp-image-102\" src=\"http:\/\/gemsi-rohrbach.saarland\/wp-content\/uploads\/2017\/12\/IMG-20171204-WA0071-300x169.jpg\" alt=\"\" width=\"300\" height=\"169\" srcset=\"http:\/\/gemsi-rohrbach.saarland\/wp-content\/uploads\/2017\/12\/IMG-20171204-WA0071-300x169.jpg 300w, http:\/\/gemsi-rohrbach.saarland\/wp-content\/uploads\/2017\/12\/IMG-20171204-WA0071-768x432.jpg 768w, http:\/\/gemsi-rohrbach.saarland\/wp-content\/uploads\/2017\/12\/IMG-20171204-WA0071-1024x576.jpg 1024w, http:\/\/gemsi-rohrbach.saarland\/wp-content\/uploads\/2017\/12\/IMG-20171204-WA0071-830x467.jpg 830w, http:\/\/gemsi-rohrbach.saarland\/wp-content\/uploads\/2017\/12\/IMG-20171204-WA0071-230x129.jpg 230w, http:\/\/gemsi-rohrbach.saarland\/wp-content\/uploads\/2017\/12\/IMG-20171204-WA0071-350x197.jpg 350w, http:\/\/gemsi-rohrbach.saarland\/wp-content\/uploads\/2017\/12\/IMG-20171204-WA0071-480x270.jpg 480w, http:\/\/gemsi-rohrbach.saarland\/wp-content\/uploads\/2017\/12\/IMG-20171204-WA0071.jpg 1280w\" sizes=\"auto, (max-width: 300px) 85vw, 300px\" \/>\u00a0\u00a0\u00a0\u00a0 \u00a0 \u00a0\u00a0 \u00a0 <img loading=\"lazy\" decoding=\"async\" class=\"alignnone size-medium wp-image-97\" src=\"http:\/\/gemsi-rohrbach.saarland\/wp-content\/uploads\/2017\/12\/IMG-20171204-WA0066-300x169.jpg\" alt=\"\" width=\"300\" height=\"169\" srcset=\"http:\/\/gemsi-rohrbach.saarland\/wp-content\/uploads\/2017\/12\/IMG-20171204-WA0066-300x169.jpg 300w, http:\/\/gemsi-rohrbach.saarland\/wp-content\/uploads\/2017\/12\/IMG-20171204-WA0066-768x432.jpg 768w, http:\/\/gemsi-rohrbach.saarland\/wp-content\/uploads\/2017\/12\/IMG-20171204-WA0066-1024x576.jpg 1024w, http:\/\/gemsi-rohrbach.saarland\/wp-content\/uploads\/2017\/12\/IMG-20171204-WA0066-830x467.jpg 830w, http:\/\/gemsi-rohrbach.saarland\/wp-content\/uploads\/2017\/12\/IMG-20171204-WA0066-230x129.jpg 230w, http:\/\/gemsi-rohrbach.saarland\/wp-content\/uploads\/2017\/12\/IMG-20171204-WA0066-350x197.jpg 350w, http:\/\/gemsi-rohrbach.saarland\/wp-content\/uploads\/2017\/12\/IMG-20171204-WA0066-480x270.jpg 480w, http:\/\/gemsi-rohrbach.saarland\/wp-content\/uploads\/2017\/12\/IMG-20171204-WA0066.jpg 1280w\" sizes=\"auto, (max-width: 300px) 85vw, 300px\" \/><\/p>\n<p>Artikel geschrieben von Emily, Dilara, H\u00fcmeyra und Farah, Klasse 7.1<\/p>\n","protected":false},"excerpt":{"rendered":"<p>Pausenhelfer Jeden Donnerstag um 14:20 Uhr beginnt das Projekt \u201ePausenhelfer\u201c mit Frau M\u00fcller und Frau Degel-Lang. Das Projekt besch\u00e4ftigt sich damit, dass die Pause sch\u00f6ner gestaltet werden kann. Frau M\u00fcller und Frau Degel-Lang hatten die Idee, dieses Projekt zu machen, um zu verhindern, dass die Sch\u00fcler in den Pausen Langeweile haben. Die Pausenhelfer verleihen die &hellip; <a href=\"http:\/\/gemsi-rohrbach.saarland\/?page_id=64\" class=\"more-link\"><span class=\"screen-reader-text\">\u201eProjekt Pausenhelfer\u201c<\/span> weiterlesen<\/a><\/p>\n","protected":false},"author":1,"featured_media":0,"parent":0,"menu_order":0,"comment_status":"closed","ping_status":"closed","template":"","meta":{"footnotes":""},"class_list":["post-64","page","type-page","status-publish","hentry"],"_links":{"self":[{"href":"http:\/\/gemsi-rohrbach.saarland\/index.php?rest_route=\/wp\/v2\/pages\/64","targetHints":{"allow":["GET"]}}],"collection":[{"href":"http:\/\/gemsi-rohrbach.saarland\/index.php?rest_route=\/wp\/v2\/pages"}],"about":[{"href":"http:\/\/gemsi-rohrbach.saarland\/index.php?rest_route=\/wp\/v2\/types\/page"}],"author":[{"embeddable":true,"href":"http:\/\/gemsi-rohrbach.saarland\/index.php?rest_route=\/wp\/v2\/users\/1"}],"replies":[{"embeddable":true,"href":"http:\/\/gemsi-rohrbach.saarland\/index.php?rest_route=%2Fwp%2Fv2%2Fcomments&post=64"}],"version-history":[{"count":3,"href":"http:\/\/gemsi-rohrbach.saarland\/index.php?rest_route=\/wp\/v2\/pages\/64\/revisions"}],"predecessor-version":[{"id":103,"href":"http:\/\/gemsi-rohrbach.saarland\/index.php?rest_route=\/wp\/v2\/pages\/64\/revisions\/103"}],"wp:attachment":[{"href":"http:\/\/gemsi-rohrbach.saarland\/index.php?rest_route=%2Fwp%2Fv2%2Fmedia&parent=64"}],"curies":[{"name":"wp","href":"https:\/\/api.w.org\/{rel}","templated":true}]}}